{"id":976,"date":"2020-06-03T19:45:11","date_gmt":"2020-06-03T17:45:11","guid":{"rendered":"https:\/\/jedlicze.przemyska.pl\/?page_id=976"},"modified":"2026-05-10T21:18:28","modified_gmt":"2026-05-10T19:18:28","slug":"intencje-mszy-sw","status":"publish","type":"page","link":"https:\/\/jedlicze.przemyska.pl\/index.php\/intencje-mszy-sw\/","title":{"rendered":"Intencje Mszy \u015aw."},"content":{"rendered":"<p style=\"text-align: center;\"><b>Intencje Mszy \u015bw. 11-17.05.2026 r.<\/b><\/p>\n<table cellspacing=\"0\" cellpadding=\"0\">\n<tbody>\n<tr>\n<td rowspan=\"4\" valign=\"top\"><b>Poniedzia\u0142ek 11.05.2026<\/b><b><\/b><\/td>\n<td valign=\"top\"><b>6.30<\/b><b><\/b><\/td>\n<td valign=\"top\">1.<\/td>\n<td valign=\"top\">+Antoni Grz\u0119dzielski \u2013 od wnuka Dominika z narzeczon\u0105<span class=\"Apple-converted-space\">&nbsp;<\/span><\/td>\n<\/tr>\n<tr>\n<td valign=\"top\"><b>7.00<\/b><b><\/b><\/td>\n<td valign=\"top\">1.<\/td>\n<td valign=\"top\">+J\u00f3zefa(k) Czeka\u0144ska \u2013 od chrze\u015bnicy Marii<span class=\"Apple-converted-space\">&nbsp;<\/span><\/td>\n<\/tr>\n<tr>\n<td valign=\"top\"><b>18.00<\/b><b><\/b><\/td>\n<td valign=\"top\">1.<span class=\"Apple-converted-space\">&nbsp;<\/span><\/td>\n<td valign=\"top\">+Stanis\u0142aw Peszko i zamarli rodzicie i te\u015bciowie<span class=\"Apple-converted-space\">&nbsp;<\/span><\/td>\n<\/tr>\n<tr>\n<td valign=\"top\"><b>Poza parafi\u0105<\/b><b><\/b><\/td>\n<td valign=\"top\">&nbsp;<\/td>\n<td valign=\"top\">+Marian Lula (29 greg.), +Teresa Dec, +Zofia Hac, +Justyna Uliasz<span class=\"Apple-converted-space\">&nbsp;<\/span><\/td>\n<\/tr>\n<tr>\n<td rowspan=\"5\" valign=\"top\"><b>Wtorek<span class=\"Apple-converted-space\">&nbsp; <\/span>12.05.2026<\/b><b><\/b><\/td>\n<td valign=\"top\"><b>6.30<\/b><b><\/b><\/td>\n<td valign=\"top\">1.<\/td>\n<td valign=\"top\">+Dariusz Krzysztyniak od Marii i Paw\u0142a Krawczyk<span class=\"Apple-converted-space\">&nbsp;<\/span><\/td>\n<\/tr>\n<tr>\n<td valign=\"top\">&nbsp;<\/td>\n<td valign=\"top\">2.<\/td>\n<td valign=\"top\">+Teresa Dec \u2013 od pracownik\u00f3w ko\u015bcio\u0142a w Jedliczu<span class=\"Apple-converted-space\">&nbsp;<\/span><\/td>\n<\/tr>\n<tr>\n<td valign=\"top\"><b>7.00<\/b><b><\/b><\/td>\n<td valign=\"top\">1.<\/td>\n<td valign=\"top\">+Antoni Grz\u0119dzielski od syna W\u0142adys\u0142awa z rodzin\u0105<span class=\"Apple-converted-space\">&nbsp;<\/span><\/td>\n<\/tr>\n<tr>\n<td valign=\"top\"><b>18.00<\/b><b><\/b><\/td>\n<td valign=\"top\">1.<\/td>\n<td valign=\"top\"><span class=\"Apple-converted-space\">&nbsp;<\/span>+J\u00f3zefa(k) Czeka\u0144ska od uczestnik\u00f3w pogrzebu<span class=\"Apple-converted-space\">&nbsp;<\/span><\/td>\n<\/tr>\n<tr>\n<td valign=\"top\"><b>Poza parafi\u0105<\/b><b><\/b><\/td>\n<td valign=\"top\">&nbsp;<\/td>\n<td valign=\"top\">+Marian Lula (30 greg.), +Teresa Dec, Zofia Hac<span class=\"Apple-converted-space\">&nbsp;<\/span><\/td>\n<\/tr>\n<tr>\n<td rowspan=\"5\" valign=\"top\"><b>\u015aroda 13.05.2026<\/b><b><\/b><\/td>\n<td valign=\"top\"><b>6.30<\/b><b><\/b><\/td>\n<td valign=\"top\">1.<\/td>\n<td valign=\"top\">+Antoni Grz\u0119dzielski od uczestnik\u00f3w pogrzebu<span class=\"Apple-converted-space\">&nbsp;<\/span><\/td>\n<\/tr>\n<tr>\n<td valign=\"top\">&nbsp;<\/td>\n<td valign=\"top\">2.<\/td>\n<td valign=\"top\">+Kazimierz Zawisza od syna Daniela<span class=\"Apple-converted-space\">&nbsp;<\/span><\/td>\n<\/tr>\n<tr>\n<td valign=\"top\"><b>7.00<\/b><b><\/b><\/td>\n<td valign=\"top\">1.<\/td>\n<td valign=\"top\">+J\u00f3zefa(k) Czeka\u0144ska od uczestnik\u00f3w pogrzebu<span class=\"Apple-converted-space\">&nbsp;<\/span><\/td>\n<\/tr>\n<tr>\n<td valign=\"top\"><b>18.00<\/b><b><\/b><\/td>\n<td valign=\"top\">1.<\/td>\n<td valign=\"top\">+Stanis\u0142awa(k) i Franciszek Luba\u015b<span class=\"Apple-converted-space\">&nbsp;<\/span><\/td>\n<\/tr>\n<tr>\n<td valign=\"top\"><b>Poza parafi\u0105<\/b><b><\/b><\/td>\n<td valign=\"top\">&nbsp;<\/td>\n<td valign=\"top\">+Teresa Dec, +Zofia Hac<span class=\"Apple-converted-space\">&nbsp;<\/span><\/td>\n<\/tr>\n<tr>\n<td rowspan=\"4\" valign=\"top\"><b>Czwartek 14.05.2026<\/b><b><\/b><\/td>\n<td valign=\"top\"><b>6.30<\/b><b><\/b><\/td>\n<td valign=\"top\">1.<\/td>\n<td valign=\"top\">+Kazimierz Zawisza od Zofii Bugiel z rodzin\u0105<span class=\"Apple-converted-space\">&nbsp;<\/span><\/td>\n<\/tr>\n<tr>\n<td valign=\"top\"><b>7.00<\/b><b><\/b><\/td>\n<td valign=\"top\">1.<\/td>\n<td valign=\"top\"><span class=\"Apple-converted-space\">&nbsp;<\/span>+Dariusz Krzysztyniak od Anny i Andrzeja Krawczyk<span class=\"Apple-converted-space\">&nbsp;<\/span><\/td>\n<\/tr>\n<tr>\n<td valign=\"top\"><b>18.00<span class=\"Apple-converted-space\">&nbsp;<\/span><\/b><b><\/b><\/td>\n<td valign=\"top\">1.<span class=\"Apple-converted-space\">&nbsp;<\/span><\/td>\n<td valign=\"top\">+Antoni Grz\u0119dzielski od uczestnik\u00f3w pogrzebu<span class=\"Apple-converted-space\">&nbsp;<\/span><\/td>\n<\/tr>\n<tr>\n<td valign=\"top\"><b>Poza parafi\u0105<\/b><b><\/b><\/td>\n<td valign=\"top\">&nbsp;<\/td>\n<td valign=\"top\">+Teresa Dec, +Zofia Hac<span class=\"Apple-converted-space\">&nbsp;<\/span><\/td>\n<\/tr>\n<tr>\n<td rowspan=\"5\" valign=\"top\"><b>Pi\u0105tek 15.05.2026<\/b><\/td>\n<td valign=\"top\"><b>6.30<\/b><b><\/b><\/td>\n<td valign=\"top\">1.<\/td>\n<td valign=\"top\">+Fryderyk Witaszek \u2013 od \u017cony<span class=\"Apple-converted-space\">&nbsp;<\/span><\/td>\n<\/tr>\n<tr>\n<td valign=\"top\"><b>7.00<\/b><b><\/b><\/td>\n<td valign=\"top\">1.<\/td>\n<td valign=\"top\">+Zofia i Jan Chudy<span class=\"Apple-converted-space\">&nbsp;<\/span><\/td>\n<\/tr>\n<tr>\n<td valign=\"top\"><b>18.00<\/b><b><\/b><\/td>\n<td valign=\"top\">1.<\/td>\n<td valign=\"top\">+Dariusz Krzysztyniak od s\u0105siad\u00f3w Ochwat\u00f3w<span class=\"Apple-converted-space\">&nbsp;<\/span><\/td>\n<\/tr>\n<tr>\n<td valign=\"top\">&nbsp;<\/td>\n<td valign=\"top\">2.<\/td>\n<td valign=\"top\">+Anna Pasterczyk w 2 rocz. \u015amierci od rodziny<span class=\"Apple-converted-space\">&nbsp;<\/span><\/td>\n<\/tr>\n<tr>\n<td valign=\"top\"><b>Poza<span class=\"Apple-converted-space\">&nbsp;<\/span><\/b><\/p>\n<p><b>parafi\u0105<\/b><b><\/b><\/td>\n<td valign=\"top\">&nbsp;<\/td>\n<td valign=\"top\">+Teresa Dec, +Zofia Hac<span class=\"Apple-converted-space\">&nbsp;<\/span><\/td>\n<\/tr>\n<tr>\n<td rowspan=\"4\" valign=\"top\"><b>Sobota 16.05.2026<\/b><b><\/b><\/td>\n<td valign=\"top\"><b>6.30<\/b><b><\/b><\/td>\n<td valign=\"top\">1.<\/td>\n<td valign=\"top\">+Fryderyk Witaszek od c\u00f3rki Urszuli z m\u0119\u017cem<span class=\"Apple-converted-space\">&nbsp;<\/span><\/td>\n<\/tr>\n<tr>\n<td valign=\"top\"><b>7.00<\/b><b><\/b><\/td>\n<td valign=\"top\">1.<\/td>\n<td valign=\"top\">+Stanis\u0142aw Urban<span class=\"Apple-converted-space\">&nbsp;<\/span><\/td>\n<\/tr>\n<tr>\n<td valign=\"top\"><b>18.00<\/b><b><\/b><\/td>\n<td valign=\"top\">1.<span class=\"Apple-converted-space\">&nbsp;<\/span><\/td>\n<td valign=\"top\">+Dariusz Krzysztyniak od s\u0105siadki El\u017cbiety<span class=\"Apple-converted-space\">&nbsp;<\/span><\/td>\n<\/tr>\n<tr>\n<td valign=\"top\"><b>Poza parafi\u0105<\/b><b><\/b><\/td>\n<td valign=\"top\">&nbsp;<\/td>\n<td valign=\"top\">+Teresa Dec, +Zofia Hac<span class=\"Apple-converted-space\">&nbsp;<\/span><\/td>\n<\/tr>\n<tr>\n<td rowspan=\"6\" valign=\"top\"><b>Niedziela 17.05.2026<\/b><b><\/b><\/td>\n<td valign=\"top\"><b>7.00<\/b><b><\/b><\/td>\n<td valign=\"top\">1.<\/td>\n<td valign=\"top\">+J\u00f3zef Stopyra w 7 rocz. \u015amierci<span class=\"Apple-converted-space\">&nbsp;<\/span><\/td>\n<\/tr>\n<tr>\n<td valign=\"top\"><b>9.00<\/b><b><\/b><\/td>\n<td valign=\"top\">1.<\/td>\n<td valign=\"top\">+Zofia i Karolina Twar\u00f3g<span class=\"Apple-converted-space\">&nbsp;<\/span><\/td>\n<\/tr>\n<tr>\n<td valign=\"top\"><b>11.00<\/b><b><\/b><\/td>\n<td valign=\"top\">1.<\/td>\n<td valign=\"top\">Za dzieci pierwszy raz przyst\u0119puj\u0105ce do komunii \u015bwi\u0119tej i ich rodziny<span class=\"Apple-converted-space\">&nbsp;<\/span><\/td>\n<\/tr>\n<tr>\n<td valign=\"top\"><b>12.30<\/b><b><\/b><\/td>\n<td valign=\"top\">1.<span class=\"Apple-converted-space\">&nbsp;<\/span><\/td>\n<td valign=\"top\">+Maria Wr\u00f3bel w 15 rocz. \u015amierci<span class=\"Apple-converted-space\">&nbsp;<\/span><\/td>\n<\/tr>\n<tr>\n<td valign=\"top\"><b>18.00<\/b><b><\/b><\/td>\n<td valign=\"top\">1.<span class=\"Apple-converted-space\">&nbsp;<\/span><\/td>\n<td valign=\"top\">Za parafian<span class=\"Apple-converted-space\">&nbsp;<\/span><\/td>\n<\/tr>\n<tr>\n<td valign=\"top\"><b>Poza parafi\u0105<\/b><b><\/b><\/td>\n<td valign=\"top\">&nbsp;<\/td>\n<td valign=\"top\">+Teresa Dec, +Zofia Hac<span class=\"Apple-converted-space\">&nbsp;<\/span><\/td>\n<\/tr>\n<\/tbody>\n<\/table>\n","protected":false},"excerpt":{"rendered":"<p>Intencje Mszy \u015bw. 11-17.05.2026 r. Poniedzia\u0142ek 11.05.2026 6.30 1. +Antoni Grz\u0119dzielski \u2013 od wnuka Dominika z narzeczon\u0105&nbsp; 7.00 1. +J\u00f3zefa(k) Czeka\u0144ska \u2013 od chrze\u015bnicy Marii&nbsp; 18.00 1.&nbsp; +Stanis\u0142aw Peszko i zamarli rodzicie i te\u015bciowie&nbsp; Poza parafi\u0105 &nbsp; +Marian Lula (29 greg.), +Teresa Dec, +Zofia Hac, +Justyna Uliasz&nbsp; Wtorek&nbsp; 12.05.2026 6.30 1. +Dariusz Krzysztyniak od Marii [&hellip;]<\/p>\n","protected":false},"author":1,"featured_media":0,"parent":0,"menu_order":0,"comment_status":"closed","ping_status":"closed","template":"","meta":{"ngg_post_thumbnail":0},"_links":{"self":[{"href":"https:\/\/jedlicze.przemyska.pl\/index.php\/wp-json\/wp\/v2\/pages\/976"}],"collection":[{"href":"https:\/\/jedlicze.przemyska.pl\/index.php\/wp-json\/wp\/v2\/pages"}],"about":[{"href":"https:\/\/jedlicze.przemyska.pl\/index.php\/wp-json\/wp\/v2\/types\/page"}],"author":[{"embeddable":true,"href":"https:\/\/jedlicze.przemyska.pl\/index.php\/wp-json\/wp\/v2\/users\/1"}],"replies":[{"embeddable":true,"href":"https:\/\/jedlicze.przemyska.pl\/index.php\/wp-json\/wp\/v2\/comments?post=976"}],"version-history":[{"count":420,"href":"https:\/\/jedlicze.przemyska.pl\/index.php\/wp-json\/wp\/v2\/pages\/976\/revisions"}],"predecessor-version":[{"id":4053,"href":"https:\/\/jedlicze.przemyska.pl\/index.php\/wp-json\/wp\/v2\/pages\/976\/revisions\/4053"}],"wp:attachment":[{"href":"https:\/\/jedlicze.przemyska.pl\/index.php\/wp-json\/wp\/v2\/media?parent=976"}],"curies":[{"name":"wp","href":"https:\/\/api.w.org\/{rel}","templated":true}]}}